{"id":1414,"date":"2016-02-12T07:54:41","date_gmt":"2016-02-12T07:54:41","guid":{"rendered":"http:\/\/demos.famethemes.com\/onepress\/?page_id=4"},"modified":"2025-12-07T14:47:32","modified_gmt":"2025-12-07T14:47:32","slug":"home","status":"publish","type":"page","link":"https:\/\/angell-tech.com\/en\/","title":{"rendered":"Home"},"content":{"rendered":"","protected":false},"excerpt":{"rendered":"","protected":false},"author":2,"featured_media":1435,"parent":0,"menu_order":0,"comment_status":"closed","ping_status":"closed","template":"template-frontpage.php","meta":{"_seopress_robots_primary_cat":"","_seopress_titles_title":"Angell Technology: Pr\u00e4zises 3D-R\u00f6ntgen. Ein Recht f\u00fcr jeden.","_seopress_titles_desc":"Wir machen High-End Diagnostik zug\u00e4nglich. Erhalten Sie pr\u00e4zise 3D-R\u00f6ntgenbilder unter Belastung \u2013 sofort und sicher. Die Zukunft der Orthop\u00e4die beginnt in Ihrer Praxis. Angell Technology M\u00fcnchen.","_seopress_robots_index":"","footnotes":""},"class_list":["post-1414","page","type-page","status-publish","has-post-thumbnail","hentry"],"_links":{"self":[{"href":"https:\/\/angell-tech.com\/en\/wp-json\/wp\/v2\/pages\/1414","targetHints":{"allow":["GET"]}}],"collection":[{"href":"https:\/\/angell-tech.com\/en\/wp-json\/wp\/v2\/pages"}],"about":[{"href":"https:\/\/angell-tech.com\/en\/wp-json\/wp\/v2\/types\/page"}],"author":[{"embeddable":true,"href":"https:\/\/angell-tech.com\/en\/wp-json\/wp\/v2\/users\/2"}],"replies":[{"embeddable":true,"href":"https:\/\/angell-tech.com\/en\/wp-json\/wp\/v2\/comments?post=1414"}],"version-history":[{"count":12,"href":"https:\/\/angell-tech.com\/en\/wp-json\/wp\/v2\/pages\/1414\/revisions"}],"predecessor-version":[{"id":3135,"href":"https:\/\/angell-tech.com\/en\/wp-json\/wp\/v2\/pages\/1414\/revisions\/3135"}],"wp:featuredmedia":[{"embeddable":true,"href":"https:\/\/angell-tech.com\/en\/wp-json\/wp\/v2\/media\/1435"}],"wp:attachment":[{"href":"https:\/\/angell-tech.com\/en\/wp-json\/wp\/v2\/media?parent=1414"}],"curies":[{"name":"wp","href":"https:\/\/api.w.org\/{rel}","templated":true}]}}