{"id":1642,"date":"2023-07-10T13:49:30","date_gmt":"2023-07-10T13:49:30","guid":{"rendered":"http:\/\/s961603889.online.de\/?page_id=1642"},"modified":"2025-12-19T17:22:25","modified_gmt":"2025-12-19T17:22:25","slug":"datenschutzerklaerung","status":"publish","type":"page","link":"https:\/\/angell-tech.com\/en\/datenschutzerklaerung\/","title":{"rendered":"Privacy Policy"},"content":{"rendered":"<h1 class=\"wp-block-heading\">Privacy Policy<\/h1>\n\n\n\n<h2 class=\"wp-block-heading\">1. Datenschutz auf einen Blick<\/h2>\n\n\n\n<p><strong>Allgemeine Hinweise<\/strong><br>Die folgenden Hinweise geben einen einfachen \u00dcberblick dar\u00fcber, was mit Ihren personenbezogenen Daten passiert, wenn Sie diese Website besuchen. Personenbezogene Daten sind alle Daten, mit denen Sie pers\u00f6nlich identifiziert werden k\u00f6nnen.<\/p>\n\n\n\n<p><strong>Verantwortlicher<\/strong><br>Die Datenverarbeitung auf dieser Website erfolgt durch den Websitebetreiber:<\/p>\n\n\n\n<p>ANGELL TECHNOLOGY GmbH<br>Unterhachinger Stra\u00dfe 95<br>81737 M\u00fcnchen<br>E-Mail: info@angell-tech.com<\/p>\n\n\n\n<h2 class=\"wp-block-heading\">2. Hosting<\/h2>\n\n\n\n<p><strong>Externes Hosting durch IONOS<\/strong><br>Diese Website wird bei einem externen Dienstleister gehostet (Hoster). Die personenbezogenen Daten, die auf dieser Website erfasst werden, werden auf den Servern des Hosters gespeichert. Hierbei kann es sich v. a. um IP-Adressen, Kontaktanfragen, Meta- und Kommunikationsdaten, Vertragsdaten, Kontaktdaten, Namen, Webseitenzugriffe und sonstige Daten, die \u00fcber eine Website generiert werden, handeln.<\/p>\n\n\n\n<p>Unser Hoster ist:<br>IONOS SE<br>Elgendorfer Str. 57<br>56410 Montabaur<\/p>\n\n\n\n<p>Wir haben mit dem oben genannten Anbieter einen Vertrag zur Auftragsverarbeitung (AVV) geschlossen. Hierbei handelt es sich um einen datenschutzrechtlich vorgeschriebenen Vertrag, der gew\u00e4hrleistet, dass dieser die personenbezogenen Daten unserer Websitebesucher nur nach unseren Weisungen und unter Einhaltung der DSGVO verarbeitet.<\/p>\n\n\n\n<h2 class=\"wp-block-heading\">3. Datenschutzbeauftragter<\/h2>\n\n\n\n<p>Wir haben f\u00fcr unser Unternehmen einen Datenschutzbeauftragten bestellt:<\/p>\n\n\n\n<p>ANGELL TECHNOLOGY GmbH<br>z.Hd. des Datenschutzbeauftragten<br>Unterhachinger Stra\u00dfe 95<br>81737 M\u00fcnchen<br>E-Mail: Datenschutz@angell-tech.com<\/p>\n\n\n\n<h2 class=\"wp-block-heading\">4. Datenerfassung auf dieser Website<\/h2>\n\n\n\n<h3 class=\"wp-block-heading\">Cookies &amp; Einwilligungsverwaltung (Real Cookie Banner)<\/h3>\n\n\n\n<p>Zur Verwaltung der eingesetzten Cookies und \u00e4hnlichen Technologien (Tracking-Pixel, Web-Beacons etc.) und diesbez\u00fcglicher Einwilligungen setzen wir das Consent-Tool \u201eReal Cookie Banner\u201c ein. Details zur Funktionsweise von \u201eReal Cookie Banner\u201c finden Sie unter https:\/\/devowl.io\/de\/rcb\/datenverarbeitung\/.<\/p>\n\n\n\n<p>Rechtsgrundlagen f\u00fcr die Verarbeitung von personenbezogenen Daten in diesem Zusammenhang sind Art. 6 Abs. 1 lit. c DS-GVO und Art. 6 Abs. 1 lit. f DS-GVO. Unser berechtigtes Interesse ist die Verwaltung der eingesetzten Cookies und \u00e4hnlichen Technologien und der diesbez\u00fcglichen Einwilligungen.<\/p>\n\n\n\n<p>Die Bereitstellung der personenbezogenen Daten ist weder vertraglich noch gesetzlich vorgeschrieben und f\u00fcr den Abschluss eines Vertrages nicht erforderlich. Sie sind nicht verpflichtet, die personenbezogenen Daten bereitzustellen. Wenn Sie die personenbezogenen Daten nicht bereitstellen, k\u00f6nnen wir Ihre Einwilligungen nicht verwalten.<\/p>\n\n\n\n<h3 class=\"wp-block-heading\">Server-Log-Dateien<\/h3>\n\n\n\n<p>Der Provider der Seiten erhebt und speichert automatisch Informationen in so genannten Server-Log-Dateien, die Ihr Browser automatisch an uns \u00fcbermittelt. Dies sind:<\/p>\n\n\n\n<ul class=\"wp-block-list\">\n<li>Browsertyp und Browserversion<\/li>\n\n\n\n<li>Verwendetes Betriebssystem<\/li>\n\n\n\n<li>Referrer URL<\/li>\n\n\n\n<li>Hostname des zugreifenden Rechners<\/li>\n\n\n\n<li>Uhrzeit der Serveranfrage<\/li>\n\n\n\n<li>IP-Adresse<\/li>\n<\/ul>\n\n\n\n<p>Eine Zusammenf\u00fchrung dieser Daten mit anderen Datenquellen wird nicht vorgenommen. Die Erfassung dieser Daten erfolgt auf Grundlage von Art. 6 Abs. 1 lit. f DSGVO. Der Websitebetreiber hat ein berechtigtes Interesse an der technisch fehlerfreien Darstellung und der Optimierung seiner Website \u2013 hierzu m\u00fcssen die Server-Log-Files erfasst werden.<\/p>\n\n\n\n<h3 class=\"wp-block-heading\">Kontaktformular &amp; E-Mail-Kontakt<\/h3>\n\n\n\n<p>Wenn Sie uns per Kontaktformular oder E-Mail Anfragen zukommen lassen, werden Ihre Angaben aus dem Anfrageformular inklusive der von Ihnen dort angegebenen Kontaktdaten zwecks Bearbeitung der Anfrage und f\u00fcr den Fall von Anschlussfragen bei uns gespeichert. Diese Daten geben wir nicht ohne Ihre Einwilligung weiter.<\/p>\n\n\n\n<p>Die Verarbeitung dieser Daten erfolgt auf Grundlage von Art. 6 Abs. 1 lit. b DSGVO, sofern Ihre Anfrage mit der Erf\u00fcllung eines Vertrags zusammenh\u00e4ngt oder zur Durchf\u00fchrung vorvertraglicher Ma\u00dfnahmen erforderlich ist. In allen \u00fcbrigen F\u00e4llen beruht die Verarbeitung auf unserem berechtigten Interesse an der effektiven Bearbeitung der an uns gerichteten Anfragen (Art. 6 Abs. 1 lit. f DSGVO) oder auf Ihrer Einwilligung (Art. 6 Abs. 1 lit. a DSGVO) sofern diese abgefragt wurde.<\/p>\n\n\n\n<p>Die von Ihnen im Kontaktformular eingegebenen Daten verbleiben bei uns, bis Sie uns zur L\u00f6schung auffordern, Ihre Einwilligung zur Speicherung widerrufen oder der Zweck f\u00fcr die Datenspeicherung entf\u00e4llt (z. B. nach abgeschlossener Bearbeitung Ihrer Anfrage). Zwingende gesetzliche Bestimmungen \u2013 insbesondere Aufbewahrungsfristen \u2013 bleiben unber\u00fchrt.<\/p>\n\n\n\n<h2 class=\"wp-block-heading\">5. Analyse-Tools und Werbung<\/h2>\n\n\n\n<p><strong>Webanalyse<\/strong><br>Soweit Sie eingewilligt haben (\u00fcber unseren Cookie-Banner), wird auf dieser Website eine Webanalyse eingesetzt (Google Analytics), um statistische Auswertungen \u00fcber die Nutzung unserer Website zu erm\u00f6glichen.<\/p>\n\n\n\n<p>Die Verarbeitung erfolgt auf Grundlage von Art. 6 Abs. 1 lit. a DSGVO und \u00a7 25 Abs. 1 TTDSG, soweit die Einwilligung die Speicherung von Cookies oder den Zugriff auf Informationen im Endger\u00e4t des Nutzers umfasst. Die Einwilligung ist jederzeit widerrufbar.<\/p>\n\n\n\n<h2 class=\"wp-block-heading\">6. Newsletter<\/h2>\n\n\n\n<p>Wenn Sie den auf der Website angebotenen Newsletter beziehen m\u00f6chten, ben\u00f6tigen wir von Ihnen eine E-Mail-Adresse sowie Informationen, welche uns die \u00dcberpr\u00fcfung gestatten, dass Sie der Inhaber der angegebenen E-Mail-Adresse sind und mit dem Empfang des Newsletters einverstanden sind.<br>Die Verarbeitung der in das Newsletteranmeldeformular eingegebenen Daten erfolgt ausschlie\u00dflich auf Grundlage Ihrer Einwilligung (Art. 6 Abs. 1 lit. a DSGVO). Die erteilte Einwilligung zur Speicherung der Daten, der E-Mail-Adresse sowie deren Nutzung zum Versand des Newsletters k\u00f6nnen Sie jederzeit widerrufen, etwa \u00fcber den \u201eAustragen\u201c-Link im Newsletter.<\/p>\n\n\n\n<h2 class=\"wp-block-heading\">7. Plugins und Tools<\/h2>\n\n\n\n<p><strong>Einbindung von Social Media (Facebook, Twitter, Xing)<\/strong><br>Unsere Website nutzt Social-Media-Plugins. Um Ihren Datenschutz zu gew\u00e4hrleisten, verwenden wir technische L\u00f6sungen, die verhindern, dass Daten schon beim Laden der Seite an die Netzwerke gesendet werden (z.B. erst nach Klick oder Einwilligung \u00fcber den Real Cookie Banner). Erst wenn Sie die Plugins aktiv nutzen, werden Daten an den jeweiligen Anbieter \u00fcbertragen.<\/p>\n\n\n\n<h2 class=\"wp-block-heading\">8. Ihre Rechte<\/h2>\n\n\n\n<p>Sie haben jederzeit das Recht auf unentgeltliche Auskunft \u00fcber Herkunft, Empf\u00e4nger und Zweck Ihrer gespeicherten personenbezogenen Daten. Sie haben au\u00dferdem ein Recht, die Berichtigung oder L\u00f6schung dieser Daten zu verlangen. Wenn Sie eine Einwilligung zur Datenverarbeitung erteilt haben, k\u00f6nnen Sie diese jederzeit f\u00fcr die Zukunft widerrufen. Au\u00dferdem haben Sie das Recht, unter bestimmten Umst\u00e4nden die Einschr\u00e4nkung der Verarbeitung Ihrer personenbezogenen Daten zu verlangen. Des Weiteren steht Ihnen ein Beschwerderecht bei der zust\u00e4ndigen Aufsichtsbeh\u00f6rde zu.<\/p>\n\n\n\n<p>Hierzu sowie zu weiteren Fragen zum Thema Datenschutz k\u00f6nnen Sie sich jederzeit an uns wenden.<\/p>","protected":false},"excerpt":{"rendered":"<p>Datenschutzerkl\u00e4rung 1. Datenschutz auf einen Blick Allgemeine HinweiseDie folgenden Hinweise geben einen einfachen \u00dcberblick dar\u00fcber, was mit Ihren personenbezogenen Daten passiert, wenn Sie diese Website besuchen. Personenbezogene Daten sind alle &#8230;<\/p>","protected":false},"author":1,"featured_media":0,"parent":0,"menu_order":4,"comment_status":"closed","ping_status":"closed","template":"template-fullwidth.php","meta":{"_seopress_robots_primary_cat":"","_seopress_titles_title":"","_seopress_titles_desc":"","_seopress_robots_index":"","footnotes":""},"class_list":["post-1642","page","type-page","status-publish","hentry"],"_links":{"self":[{"href":"https:\/\/angell-tech.com\/en\/wp-json\/wp\/v2\/pages\/1642","targetHints":{"allow":["GET"]}}],"collection":[{"href":"https:\/\/angell-tech.com\/en\/wp-json\/wp\/v2\/pages"}],"about":[{"href":"https:\/\/angell-tech.com\/en\/wp-json\/wp\/v2\/types\/page"}],"author":[{"embeddable":true,"href":"https:\/\/angell-tech.com\/en\/wp-json\/wp\/v2\/users\/1"}],"replies":[{"embeddable":true,"href":"https:\/\/angell-tech.com\/en\/wp-json\/wp\/v2\/comments?post=1642"}],"version-history":[{"count":6,"href":"https:\/\/angell-tech.com\/en\/wp-json\/wp\/v2\/pages\/1642\/revisions"}],"predecessor-version":[{"id":3121,"href":"https:\/\/angell-tech.com\/en\/wp-json\/wp\/v2\/pages\/1642\/revisions\/3121"}],"wp:attachment":[{"href":"https:\/\/angell-tech.com\/en\/wp-json\/wp\/v2\/media?parent=1642"}],"curies":[{"name":"wp","href":"https:\/\/api.w.org\/{rel}","templated":true}]}}