{"id":2380,"date":"2023-08-14T11:54:22","date_gmt":"2023-08-14T11:54:22","guid":{"rendered":"https:\/\/angell-tech.com\/?page_id=2380"},"modified":"2025-12-19T18:14:06","modified_gmt":"2025-12-19T18:14:06","slug":"garantieverlaengerung-medizintechnik","status":"publish","type":"page","link":"https:\/\/angell-tech.com\/en\/services\/garantieverlaengerung-medizintechnik\/","title":{"rendered":"Extended Warranties: Comprehensive Protection for Your Medical Technology"},"content":{"rendered":"<p>Maximum security for your investment: Our extended warranties provide ongoing protection against defects, malfunctions, and equipment failure far beyond the original warranty period. Ensure absolute budget security in your healthcare facility and maintain the long-term performance and reliability of your X-ray systems.<\/p>\n<h2 data-path-to-node=\"11\">Our Warranty Options at a Glance<\/h2>\n<p data-path-to-node=\"12\">Choose the right protection level for your equipment. We offer flexible terms of <b data-path-to-node=\"12\" data-index-in-node=\"94\">1, 3, or 5 years.<\/b>.<\/p>\n<h3 data-path-to-node=\"14\">Garantie BASIC \u2013 Focus on Core Components<\/h3>\n<p data-path-to-node=\"15\">Solid protection for the most important parts of your system.<\/p>\n<ul data-path-to-node=\"16\">\n<li>\n<p data-path-to-node=\"16,0,0\">Annual extension for the <b data-path-to-node=\"16,0,0\" data-index-in-node=\"27\">detector and X-ray tube.<\/b>.<\/p>\n<\/li>\n<li>\n<p data-path-to-node=\"16,1,0\">Protection against high-cost component damage to main parts.<\/p>\n<\/li>\n<\/ul>\n<h3 data-path-to-node=\"18\">Garantie PREMIUM \u2013 Full Component Protection<\/h3>\n<p data-path-to-node=\"19\">The worry-free solution for the entire system.<\/p>\n<ul data-path-to-node=\"20\">\n<li>\n<p data-path-to-node=\"20,0,0\">Annual coverage for <b data-path-to-node=\"20,0,0\" data-index-in-node=\"26\">all components<\/b> of your equipment.<\/p>\n<\/li>\n<li>\n<p data-path-to-node=\"20,1,0\">Comprehensive protection against technical defects in the entire system.<\/p>\n<\/li>\n<\/ul>\n<h3 data-path-to-node=\"22\">Garantie ALL-INCLUSIVE \u2013 The All-Round Carefree Package<\/h3>\n<p data-path-to-node=\"23\">Our highest service level for maximum predictability.<\/p>\n<ul data-path-to-node=\"24\">\n<li>\n<p data-path-to-node=\"24,0,0\">Includes all benefits of the Premium warranty.<\/p>\n<\/li>\n<li>\n<p data-path-to-node=\"24,1,0\"><b data-path-to-node=\"24,1,0\" data-index-in-node=\"0\">No extra costs:<\/b> All services are included \u2013 <b data-path-to-node=\"24,1,0\" data-index-in-node=\"63\">no travel costs<\/b> or labor fee flat rates apply.<\/p>\n<\/li>\n<li>\n<p data-path-to-node=\"24,2,0\">Absolute transparency and protection against unplanned maintenance costs.<\/p>\n<\/li>\n<\/ul>\n<p><b data-path-to-node=\"25\" data-index-in-node=\"32\">Would you like to secure your equipment for the long term?<\/b> We would be happy to provide you with an individual quote for an extended warranty for your Angell systems.<\/p>\n\n\n<div class=\"wp-block-group alignfull has-text-color has-background\" style=\"color:#000000;background-color:#ffffff\"><div class=\"wp-block-group__inner-container is-layout-flow wp-block-group-is-layout-flow\">\n<div class=\"wp-block-buttons is-horizontal is-content-justification-center is-layout-flex wp-container-core-buttons-is-layout-499968f5 wp-block-buttons-is-layout-flex\">\n<div class=\"wp-block-button has-custom-width wp-block-button__width-50\"><a class=\"wp-block-button__link has-text-color has-background wp-element-button\" href=\"http:\/\/Angell-Tech.com\/#contact\" style=\"border-radius:50px;color:#ffffff;background-color:#000000\">Contact us<\/a><\/div>\n<\/div>\n\n\n\n<div style=\"height:64px\" aria-hidden=\"true\" class=\"wp-block-spacer\"><\/div>\n\n\n\n<div style=\"height:64px\" aria-hidden=\"true\" class=\"wp-block-spacer\"><\/div>\n<\/div><\/div>","protected":false},"excerpt":{"rendered":"<p>Security for your investment. Extend your protection for up to 5 years with our BASIC, PREMIUM, or ALL-INCLUSIVE packages with no travel costs.<\/p>","protected":false},"author":1,"featured_media":0,"parent":2731,"menu_order":0,"comment_status":"closed","ping_status":"closed","template":"template-fullwidth.php","meta":{"_seopress_robots_primary_cat":"","_seopress_titles_title":"","_seopress_titles_desc":"Garantieverl\u00e4ngerung f\u00fcr R\u00f6ntgenger\u00e4te: 1 bis 5 Jahre Schutz f\u00fcr Detektor, R\u00f6hre oder das Gesamtsystem. All-Inclusive Pakete ohne Anfahrtskosten f\u00fcr maximale Sicherheit.","_seopress_robots_index":"","footnotes":""},"class_list":["post-2380","page","type-page","status-publish","hentry"],"_links":{"self":[{"href":"https:\/\/angell-tech.com\/en\/wp-json\/wp\/v2\/pages\/2380","targetHints":{"allow":["GET"]}}],"collection":[{"href":"https:\/\/angell-tech.com\/en\/wp-json\/wp\/v2\/pages"}],"about":[{"href":"https:\/\/angell-tech.com\/en\/wp-json\/wp\/v2\/types\/page"}],"author":[{"embeddable":true,"href":"https:\/\/angell-tech.com\/en\/wp-json\/wp\/v2\/users\/1"}],"replies":[{"embeddable":true,"href":"https:\/\/angell-tech.com\/en\/wp-json\/wp\/v2\/comments?post=2380"}],"version-history":[{"count":13,"href":"https:\/\/angell-tech.com\/en\/wp-json\/wp\/v2\/pages\/2380\/revisions"}],"predecessor-version":[{"id":3220,"href":"https:\/\/angell-tech.com\/en\/wp-json\/wp\/v2\/pages\/2380\/revisions\/3220"}],"up":[{"embeddable":true,"href":"https:\/\/angell-tech.com\/en\/wp-json\/wp\/v2\/pages\/2731"}],"wp:attachment":[{"href":"https:\/\/angell-tech.com\/en\/wp-json\/wp\/v2\/media?parent=2380"}],"curies":[{"name":"wp","href":"https:\/\/api.w.org\/{rel}","templated":true}]}}