{"id":3064,"date":"2025-12-04T18:40:09","date_gmt":"2025-12-04T18:40:09","guid":{"rendered":"https:\/\/angell-tech.com\/?page_id=3064"},"modified":"2025-12-22T18:46:57","modified_gmt":"2025-12-22T18:46:57","slug":"downloads","status":"publish","type":"page","link":"https:\/\/angell-tech.com\/en\/service\/downloads\/","title":{"rendered":"Downloads"},"content":{"rendered":"<p><strong>Welcome to our download center.<\/strong> To best support you in working with our systems, we offer you central access to all important accompanying documents here. Please select the desired category.<\/p>\n\n\n\n<p>Brochures<br><\/p>\n\n\n<ul class=\"dlm-downloads\"><li><a  data-e-disable-page-transition=\"true\" class=\"download-link\" title=\"\" href=\"https:\/\/angell-tech.com\/en\/download\/3059\/?tmstv=1776466353\" rel=\"nofollow\" id=\"download-link-3059\" data-redirect=\"false\" >\n\t\ud83c\uddec\ud83c\udde7 WR-3D Casebook Brochure<\/a>\n<\/li><li><a  data-e-disable-page-transition=\"true\" class=\"download-link\" title=\"\" href=\"https:\/\/angell-tech.com\/en\/download\/3056\/?tmstv=1776466353\" rel=\"nofollow\" id=\"download-link-3056\" data-redirect=\"false\" >\n\t\ud83c\udde9\ud83c\uddea WR-3D Fallstudien<\/a>\n<\/li><li><a  data-e-disable-page-transition=\"true\" class=\"download-link\" title=\"\" href=\"https:\/\/angell-tech.com\/en\/download\/3053\/?tmstv=1776466353\" rel=\"nofollow\" id=\"download-link-3053\" data-redirect=\"false\" >\n\t\ud83c\udde9\ud83c\uddea WR-3D Flyer<\/a>\n<\/li><li><a  data-e-disable-page-transition=\"true\" class=\"download-link\" title=\"Version 3d brochure (german version)\" href=\"https:\/\/angell-tech.com\/en\/download\/3050\/?tmstv=1776466353\" rel=\"nofollow\" id=\"download-link-3050\" data-redirect=\"false\" >\n\t\ud83c\udde9\ud83c\uddea WR-3D Brosch\u00fcre<\/a>\n<\/li><\/ul>\n\t\t\t\t\n\n\n\n<p>Manuals<br><\/p>\n\n\n<ul class=\"dlm-downloads\"><li><a  data-e-disable-page-transition=\"true\" class=\"download-link\" title=\"\" href=\"https:\/\/angell-tech.com\/en\/download\/3334\/?tmstv=1776466353\" rel=\"nofollow\" id=\"download-link-3334\" data-redirect=\"false\" >\n\t\ud83c\uddeb\ud83c\uddf7  AngellVision\u00a0Advanced\u00a0Clinical\u00a0Workstation\u00a0User\u00a0Manual French\u00a0V1.0<\/a>\n<\/li><li><a  data-e-disable-page-transition=\"true\" class=\"download-link\" title=\"\" href=\"https:\/\/angell-tech.com\/en\/download\/3329\/?tmstv=1776466353\" rel=\"nofollow\" id=\"download-link-3329\" data-redirect=\"false\" >\n\t\ud83c\uddeb\ud83c\uddf7  Manuel d'utilisation de la s\u00e9rie DTP580<\/a>\n<\/li><li><a  data-e-disable-page-transition=\"true\" class=\"download-link\" title=\"\" href=\"https:\/\/angell-tech.com\/en\/download\/3040\/?tmstv=1776466353\" rel=\"nofollow\" id=\"download-link-3040\" data-redirect=\"false\" >\n\t\ud83c\uddeb\ud83c\uddf7 Manuel d'utilisation de la plateforme de rotation WR-3D<\/a>\n<\/li><li><a  data-e-disable-page-transition=\"true\" class=\"download-link\" title=\"\" href=\"https:\/\/angell-tech.com\/en\/download\/3037\/?tmstv=1776466353\" rel=\"nofollow\" id=\"download-link-3037\" data-redirect=\"false\" >\n\t\ud83c\udde9\ud83c\uddea Gebrauchsanleitung Rotation Platform WR-3D<\/a>\n<\/li><\/ul>\n\t\t\t\t\n\n\n\n<p>Data sheets<br><\/p>\n\n\n<ul class=\"dlm-downloads\"><li><a  data-e-disable-page-transition=\"true\" class=\"download-link\" title=\"\" href=\"https:\/\/angell-tech.com\/en\/download\/3150\/?tmstv=1776466353\" rel=\"nofollow\" id=\"download-link-3150\" data-redirect=\"false\" >\n\t\ud83c\udde9\ud83c\uddea ACW-Report Ganzbein<\/a>\n<\/li><li><a  data-e-disable-page-transition=\"true\" class=\"download-link\" title=\"\" href=\"https:\/\/angell-tech.com\/en\/download\/3023\/?tmstv=1776466353\" rel=\"nofollow\" id=\"download-link-3023\" data-redirect=\"false\" >\n\t\ud83c\udde9\ud83c\uddea ACW-Report Ganzwirbels\u00e4ule<\/a>\n<\/li><li><a  data-e-disable-page-transition=\"true\" class=\"download-link\" title=\"\" href=\"https:\/\/angell-tech.com\/en\/download\/3020\/?tmstv=1776466353\" rel=\"nofollow\" id=\"download-link-3020\" data-redirect=\"false\" >\n\t\ud83c\udde9\ud83c\uddea ACW-Report Fu\u00df<\/a>\n<\/li><\/ul>","protected":false},"excerpt":{"rendered":"<p>Finden Sie hier die neuesten Versionen unserer Dokumente und Software. Wir stellen Ihnen Handb\u00fccher, Brosch\u00fcren, Datenbl\u00e4tter sowie Konformit\u00e4tserkl\u00e4rungen und Checklisten direkt zum Download bereit.<\/p>","protected":false},"author":1,"featured_media":0,"parent":2770,"menu_order":0,"comment_status":"closed","ping_status":"closed","template":"template-fullwidth.php","meta":{"_seopress_robots_primary_cat":"","_seopress_titles_title":"","_seopress_titles_desc":"Download-Bereich von Angell Technology: Handb\u00fccher, Datenbl\u00e4tter, Brosch\u00fcren und Software-Updates f\u00fcr Ihre R\u00f6ntgensysteme auf einen Blick.","_seopress_robots_index":"","footnotes":""},"class_list":["post-3064","page","type-page","status-publish","hentry"],"_links":{"self":[{"href":"https:\/\/angell-tech.com\/en\/wp-json\/wp\/v2\/pages\/3064","targetHints":{"allow":["GET"]}}],"collection":[{"href":"https:\/\/angell-tech.com\/en\/wp-json\/wp\/v2\/pages"}],"about":[{"href":"https:\/\/angell-tech.com\/en\/wp-json\/wp\/v2\/types\/page"}],"author":[{"embeddable":true,"href":"https:\/\/angell-tech.com\/en\/wp-json\/wp\/v2\/users\/1"}],"replies":[{"embeddable":true,"href":"https:\/\/angell-tech.com\/en\/wp-json\/wp\/v2\/comments?post=3064"}],"version-history":[{"count":5,"href":"https:\/\/angell-tech.com\/en\/wp-json\/wp\/v2\/pages\/3064\/revisions"}],"predecessor-version":[{"id":3221,"href":"https:\/\/angell-tech.com\/en\/wp-json\/wp\/v2\/pages\/3064\/revisions\/3221"}],"up":[{"embeddable":true,"href":"https:\/\/angell-tech.com\/en\/wp-json\/wp\/v2\/pages\/2770"}],"wp:attachment":[{"href":"https:\/\/angell-tech.com\/en\/wp-json\/wp\/v2\/media?parent=3064"}],"curies":[{"name":"wp","href":"https:\/\/api.w.org\/{rel}","templated":true}]}}